{"id":685,"date":"2025-01-03T14:51:35","date_gmt":"2025-01-03T17:51:35","guid":{"rendered":"https:\/\/czmedicinafuncional.com\/?page_id=685"},"modified":"2025-01-04T11:43:58","modified_gmt":"2025-01-04T14:43:58","slug":"transforma","status":"publish","type":"page","link":"https:\/\/czmedicinafuncional.com\/index.php\/transforma\/","title":{"rendered":"Transforma Tu Salud"},"content":{"rendered":"<p>[et_pb_section fb_built=&#8221;1&#8243; _builder_version=&#8221;4.18.0&#8243; _module_preset=&#8221;default&#8221; background_image=&#8221;http:\/\/czmedicinafuncional.com\/wp-content\/uploads\/2023\/04\/bg-servicios-1.jpg&#8221; custom_padding=&#8221;210px||||false|false&#8221; global_colors_info=&#8221;{}&#8221;][\/et_pb_section][et_pb_section fb_built=&#8221;1&#8243; _builder_version=&#8221;4.18.0&#8243; _module_preset=&#8221;default&#8221; global_colors_info=&#8221;{}&#8221;][et_pb_row custom_padding_last_edited=&#8221;on|phone&#8221; _builder_version=&#8221;4.18.0&#8243; _module_preset=&#8221;default&#8221; background_color=&#8221;#f4ede9&#8243; width=&#8221;52%&#8221; width_tablet=&#8221;52%&#8221; width_phone=&#8221;77%&#8221; width_last_edited=&#8221;on|phone&#8221; custom_margin=&#8221;-183px||||false|false&#8221; custom_padding=&#8221;50px|94px|50px|94px|true|true&#8221; custom_padding_tablet=&#8221;50px|94px|50px|94px|true|true&#8221; custom_padding_phone=&#8221;|20px||20px|true|true&#8221; global_colors_info=&#8221;{}&#8221;][et_pb_column type=&#8221;4_4&#8243; _builder_version=&#8221;4.18.0&#8243; _module_preset=&#8221;default&#8221; global_colors_info=&#8221;{}&#8221;][et_pb_text _builder_version=&#8221;4.18.0&#8243; _module_preset=&#8221;default&#8221; global_colors_info=&#8221;{}&#8221;]<\/p>\n<h1 style=\"text-align: center; color: #a6a07a; font-size: 45px;\"><strong>Transforma Tu Salud<\/strong><\/h1>\n<h2 style=\"text-align: center; font-size: 30px;\"><strong>Medicina Funcional, Orthomolecular y Hol\u00edstica<\/strong><\/h2>\n<p style=\"text-align: center;\"><strong>Bienvenidos a CZ Medicina Funcional, un espacio donde creo firmemente que la salud es un viaje hacia el equilibrio, la vitalidad y el bienestar integral.<\/strong><\/p>\n<p style=\"text-align: center;\"><span style=\"font-weight: 400;\">Mi enfoque combina la medicina orthomolecular, funcional y hol\u00edstica para ofrecer soluciones personalizadas que van m\u00e1s all\u00e1 de tratar s\u00edntomas. Mi misi\u00f3n es ayudarte a descubrir y abordar las causas profundas de los problemas de salud, brind\u00e1ndote las herramientas y el conocimiento que necesitas para tomar el control de tu bienestar.<\/span><\/p>\n<p style=\"text-align: center;\"><span style=\"font-weight: 400;\">Aqu\u00ed encontrar\u00e1s recursos valiosos sobre c\u00f3mo optimizar tu salud a trav\u00e9s de una alimentaci\u00f3n consciente, la suplementaci\u00f3n adecuada y pr\u00e1cticas que nutran tanto tu cuerpo como tu mente. Mi objetivo es que, juntos, desarrollemos la autoconciencia y el autocuidado, para que puedas experimentar una transformaci\u00f3n genuina en todos los aspectos de tu vida.<\/span><\/p>\n<p style=\"text-align: center;\"><span style=\"font-weight: 400;\">Ya sea que busques mejorar tu bienestar general, gestionar alguna condici\u00f3n espec\u00edfica, o simplemente aprender sobre los beneficios de la medicina integrativa, estoy aqu\u00ed para acompa\u00f1arte en cada paso de este camino hacia una vida plena.<\/span><\/p>\n<p style=\"text-align: center;\"><em><strong>\u00a1Empecemos juntos este viaje hacia una salud profunda y duradera!<\/strong><\/em><\/p>\n<h5 style=\"text-align: center; font-size: 20px; line-height: 26px;\"><br style=\"font-weight: 400;\" \/><br style=\"font-weight: 400;\" \/><br \/><\/h5>\n<p>[\/et_pb_text][et_pb_text _builder_version=&#8221;4.18.0&#8243; _module_preset=&#8221;default&#8221; global_colors_info=&#8221;{}&#8221;]<\/p>\n<h2 style=\"text-align: center; font-size: 30px;\">\u00bfQuieres mejorar tu vida?<\/h2>\n<p>[\/et_pb_text][et_pb_button button_url=&#8221;https:\/\/wa.me\/541124672344&#8243; button_text=&#8221;\u00a1Escibime ahora!&#8221; button_alignment=&#8221;center&#8221; _builder_version=&#8221;4.18.0&#8243; _module_preset=&#8221;default&#8221; custom_button=&#8221;on&#8221; button_bg_color=&#8221;#FFFFFF&#8221; global_colors_info=&#8221;{}&#8221;][\/et_pb_button][\/et_pb_column][\/et_pb_row][\/et_pb_section]<\/p>\n","protected":false},"excerpt":{"rendered":"<p>Transforma Tu Salud Medicina Funcional, Orthomolecular y Hol\u00edstica Bienvenidos a CZ Medicina Funcional, un espacio donde creo firmemente que la salud es un viaje hacia el equilibrio, la vitalidad y el bienestar integral. Mi enfoque combina la medicina orthomolecular, funcional y hol\u00edstica para ofrecer soluciones personalizadas que van m\u00e1s all\u00e1 de tratar s\u00edntomas. Mi misi\u00f3n [&hellip;]<\/p>\n","protected":false},"author":1,"featured_media":0,"parent":0,"menu_order":0,"comment_status":"closed","ping_status":"closed","template":"","meta":{"_et_pb_use_builder":"on","_et_pb_old_content":"<p>[et_pb_section fb_built=\"1\" _builder_version=\"4.18.0\" _module_preset=\"default\" background_image=\"http:\/\/czmedicinafuncional.com\/wp-content\/uploads\/2023\/04\/bg-servicios-1.jpg\" custom_padding=\"210px||||false|false\" global_colors_info=\"{}\"][\/et_pb_section][et_pb_section fb_built=\"1\" _builder_version=\"4.18.0\" _module_preset=\"default\" global_colors_info=\"{}\"][et_pb_row custom_padding_last_edited=\"on|phone\" _builder_version=\"4.18.0\" _module_preset=\"default\" background_color=\"#f4ede9\" width=\"52%\" width_tablet=\"52%\" width_phone=\"77%\" width_last_edited=\"on|phone\" custom_margin=\"-183px||||false|false\" custom_padding=\"50px|94px|50px|94px|true|true\" custom_padding_tablet=\"50px|94px|50px|94px|true|true\" custom_padding_phone=\"|20px||20px|true|true\" global_colors_info=\"{}\"][et_pb_column type=\"4_4\" _builder_version=\"4.18.0\" _module_preset=\"default\" global_colors_info=\"{}\"][et_pb_text _builder_version=\"4.18.0\" _module_preset=\"default\" global_colors_info=\"{}\"]<\/p><h1 style=\"text-align: center; color: #a6a07a; font-size: 45px;\">Programa BIENESTAR<\/h1><h2 style=\"text-align: center; font-size: 30px;\">\u00bfQu\u00e9 es el programa BIENESTAR?<\/h2><h5 style=\"text-align: center; font-size: 20px; line-height: 26px;\">\u00a0<\/h5><h5 style=\"text-align: center; font-size: 20px; line-height: 26px;\">\u00a0<\/h5><h5 style=\"text-align: center; font-size: 20px; line-height: 26px;\">\u00a0<\/h5><h5 style=\"text-align: center; font-size: 20px; line-height: 26px;\"><i>El <b>Programa Bienestar<\/b> es mi programa estrella.<\/i><\/h5><h5 style=\"text-align: center; font-size: 20px; line-height: 26px;\">Te acompa\u00f1o 24\/7 para que trabajemos en tu <b>inconsciente<\/b>; nos enfocaremos en tus <b>creencias limitantes<\/b> (pensamientos impuestos que te condicionan), que son las que realmente te impiden llegar al bienestar deseado.<\/h5><h5 style=\"text-align: center; font-size: 20px; line-height: 26px;\">Tambi\u00e9n podemos <b>biodescodificar tus emociones y tus enfermedades<\/b>, para encontrar a qu\u00e9 respuesta adaptativa corresponden y poder alcanzar as\u00ed un mayor entendimiento de tu inconsciente.<\/h5><h5 style=\"text-align: center; font-size: 20px; line-height: 26px;\">Es importante que antes de alcanzar tus objetivos, puedas entenderte, conociendo tus patrones, h\u00e1bitos. De esta forma, no solo podr\u00e1s conseguir lo que quieres, sino que tambi\u00e9n lo podr\u00e1s mantener en el tiempo.<\/h5><p>[\/et_pb_text][et_pb_text _builder_version=\"4.18.0\" _module_preset=\"default\" global_colors_info=\"{}\"]<\/p><h2 style=\"text-align: center; font-size: 30px;\">\u00bfQuieres mejorar tu vida?<\/h2><p>[\/et_pb_text][et_pb_button button_url=\"https:\/\/calendly.com\/ceciliazgajnar\/30min\" button_text=\"\u00a1Ap\u00fantate ahora!\" button_alignment=\"center\" _builder_version=\"4.18.0\" _module_preset=\"default\" custom_button=\"on\" button_bg_color=\"#FFFFFF\" global_colors_info=\"{}\"][\/et_pb_button][\/et_pb_column][\/et_pb_row][\/et_pb_section][et_pb_section fb_built=\"1\" _builder_version=\"4.18.0\" _module_preset=\"default\" background_color=\"#cbb39e\" custom_padding=\"||105px||false|false\" global_colors_info=\"{}\"][et_pb_row column_structure=\"2_3,1_3\" _builder_version=\"4.18.0\" _module_preset=\"default\" global_colors_info=\"{}\"][et_pb_column type=\"2_3\" _builder_version=\"4.18.0\" _module_preset=\"default\" global_colors_info=\"{}\"][et_pb_text _builder_version=\"4.18.0\" _module_preset=\"default\" global_colors_info=\"{}\"]<img class=\"wp-image-42 alignnone size-full\" src=\"http:\/\/czmedicinafuncional.com\/wp-content\/uploads\/2023\/04\/logo-secc1.png\" alt=\"\" width=\"122\" height=\"120\" \/><\/p><h1 style=\"color: #ffffff; font-size: 35px;\">\u00a0<\/h1><h1 style=\"color: #ffffff; font-size: 35px;\">\u00a0<\/h1><h1 style=\"color: #ffffff; font-size: 35px;\">\u00bfC\u00f3mo funciona el Programa <strong>BIENESTAR<\/strong>?<\/h1><h4 style=\"font-size: 20px; line-height: 30px; color: #ffffff;\">En el Programa Bienestar obtendr\u00e1s sesiones individuales conmigo de 45 minutos, adem\u00e1s tendr\u00e1s libros, audios, meditaciones y ejercicios; acompa\u00f1amiento 24 hs los 7 d\u00edas de la semana a trav\u00e9s de chat y lo m\u00e1s importante, la <b>medici\u00f3n de resultados<\/b>, para que vos mismo\/a puedas ir viendo los objetivos cumplidos.<\/h4><h4 style=\"font-size: 20px; line-height: 30px; color: #ffffff;\">Si sos de Argentina, y quer\u00e9s llegar a dar un paso m\u00e1s a ese bienestar, podemos enfocarnos en la salud de tus c\u00e9lulas. Aqu\u00ed es donde empieza todo, y a trav\u00e9s de la medicina orthomolecular podemos mejorarlas, para as\u00ed tener m\u00e1s fuerza, m\u00e1s energ\u00eda para todos los cambios que queres realizar.<\/h4><h4 style=\"font-size: 20px; line-height: 30px; color: #ffffff;\">Si te interesa este programa o quer\u00e9s saber m\u00e1s, <a style=\"font-weight: bold; text-decoration: underline;\" title=\"Calendly: Reserva una cita\" href=\"https:\/\/calendly.com\/ceciliazgajnar\/30min\" target=\"_new\" rel=\"noopener\">reserva una cita<\/a> en mi calendario para conocernos y quitarte todas tus dudas.<\/h4><p>[\/et_pb_text][et_pb_button button_url=\"https:\/\/calendly.com\/ceciliazgajnar\/30min\" button_text=\"Quiero formar parte del programa\" _builder_version=\"4.18.0\" _module_preset=\"default\" custom_button=\"on\" button_text_color=\"#cbb39e\" button_bg_color=\"#ffffff\" hover_enabled=\"0\" global_colors_info=\"{}\" sticky_enabled=\"0\"][\/et_pb_button][\/et_pb_column][et_pb_column type=\"1_3\" _builder_version=\"4.18.0\" _module_preset=\"default\" transform_translate_linked=\"off\" custom_padding=\"|||0px|false|false\" global_colors_info=\"{}\"][et_pb_image src=\"http:\/\/czmedicinafuncional.com\/wp-content\/uploads\/2023\/04\/foto-3.png\" title_text=\"foto-3\" _builder_version=\"4.18.0\" _module_preset=\"default\" transform_scale=\"134%|134%\" transform_scale_tablet=\"134%|134%\" transform_scale_phone=\"100%|100%\" transform_scale_last_edited=\"on|phone\" transform_translate=\"87px|71px\" transform_translate_tablet=\"87px|71px\" transform_translate_phone=\"0px|0px\" transform_translate_last_edited=\"on|phone\" transform_translate_linked_phone=\"off\" transform_rotate_tablet=\"\" transform_rotate_phone=\"\" transform_rotate_last_edited=\"on|phone\" transform_skew_tablet=\"\" transform_skew_phone=\"\" transform_skew_last_edited=\"on|phone\" transform_origin_tablet=\"\" transform_origin_phone=\"\" transform_origin_last_edited=\"on|phone\" transform_styles_last_edited=\"on|phone\" custom_margin_tablet=\"\" custom_margin_phone=\"26px||||false|false\" custom_margin_last_edited=\"on|phone\" transform_styles_tablet=\"\" transform_styles_phone=\"\" global_colors_info=\"{}\"][\/et_pb_image][\/et_pb_column][\/et_pb_row][\/et_pb_section][et_pb_section fb_built=\"1\" disabled_on=\"on|on|on\" _builder_version=\"4.18.0\" _module_preset=\"default\" disabled=\"on\" global_colors_info=\"{}\"][et_pb_row _builder_version=\"4.18.0\" _module_preset=\"default\" background_color=\"#f4ede9\" width=\"52%\" custom_margin=\"-183px||||false|false\" custom_padding=\"50px|94px|50px|94px|true|true\" global_colors_info=\"{}\"][et_pb_column type=\"4_4\" _builder_version=\"4.18.0\" _module_preset=\"default\" global_colors_info=\"{}\"][et_pb_text _builder_version=\"4.18.0\" _module_preset=\"default\" global_colors_info=\"{}\"]<\/p><h1 style=\"text-align: center; color: #a6a07a; font-size: 45px;\"><img class=\"wp-image-96 alignnone size-full\" src=\"http:\/\/czmedicinafuncional.com\/wp-content\/uploads\/2023\/04\/icon_7.png\" alt=\"\" width=\"97\" height=\"97\" \/><\/h1><h1 style=\"text-align: center; color: #a6a07a; font-size: 45px;\">Agenda \u201dMi Bienestar\u201d<\/h1><h2 style=\"text-align: center; font-size: 30px;\">En esta agenda digital en formato A4, encontrar\u00e1s:<\/h2><p>[\/et_pb_text][et_pb_text _builder_version=\"4.18.0\" _module_preset=\"default\" global_colors_info=\"{}\"]<\/p><h5 style=\"font-size: 20px; line-height: 26px; text-align: left;\">Ejercicio \"<strong>Term\u00f3metro de tu Vida<\/strong>\", para saber d\u00f3nde est\u00e1s situado actualmente en cada una de los aspectos de tu vida.<\/h5><h5 style=\"font-size: 20px; line-height: 26px; text-align: left;\">Gu\u00eda de <b>H\u00e1bitos Diarios<\/b> para lograr tu BIENESTAR.<\/h5><h5 style=\"font-size: 20px; line-height: 26px; text-align: left;\">Ejercicio para intervenir en tu <b>estado de \u00e1nimo<\/b>.<\/h5><h5 style=\"font-size: 20px; line-height: 26px; text-align: left;\"><b>Registro de pensamientos<\/b>.<\/h5><h5 style=\"font-size: 20px; line-height: 26px; text-align: left;\">Ejercicio \"<strong>Ejercicio de creencias, que te ayudar\u00e1 a <b>reprogramar las creencias limitantes.<\/b><\/strong><\/h5><h5 style=\"font-size: 20px; line-height: 26px; text-align: left;\">Tracker para la <b>medici\u00f3n de objetivos<\/b>.<\/h5><h5 style=\"font-size: 20px; line-height: 26px; text-align: left;\">Mi <b>rutina personal de meditaci\u00f3n<\/b>.<\/h5><p>[\/et_pb_text][et_pb_button button_url=\"#\" button_text=\"\u00a1La quiero!\" button_alignment=\"center\" _builder_version=\"4.18.0\" _module_preset=\"default\" custom_button=\"on\" button_bg_color=\"#FFFFFF\" hover_enabled=\"0\" global_colors_info=\"{}\" sticky_enabled=\"0\"][\/et_pb_button][\/et_pb_column][\/et_pb_row][\/et_pb_section]<\/p>","_et_gb_content_width":"","om_disable_all_campaigns":false,"_monsterinsights_skip_tracking":false,"_monsterinsights_sitenote_active":false,"_monsterinsights_sitenote_note":"","_monsterinsights_sitenote_category":0,"_uf_show_specific_survey":0,"_uf_disable_surveys":false,"footnotes":""},"class_list":["post-685","page","type-page","status-publish","hentry"],"aioseo_notices":[],"_links":{"self":[{"href":"https:\/\/czmedicinafuncional.com\/index.php\/wp-json\/wp\/v2\/pages\/685","targetHints":{"allow":["GET"]}}],"collection":[{"href":"https:\/\/czmedicinafuncional.com\/index.php\/wp-json\/wp\/v2\/pages"}],"about":[{"href":"https:\/\/czmedicinafuncional.com\/index.php\/wp-json\/wp\/v2\/types\/page"}],"author":[{"embeddable":true,"href":"https:\/\/czmedicinafuncional.com\/index.php\/wp-json\/wp\/v2\/users\/1"}],"replies":[{"embeddable":true,"href":"https:\/\/czmedicinafuncional.com\/index.php\/wp-json\/wp\/v2\/comments?post=685"}],"version-history":[{"count":4,"href":"https:\/\/czmedicinafuncional.com\/index.php\/wp-json\/wp\/v2\/pages\/685\/revisions"}],"predecessor-version":[{"id":712,"href":"https:\/\/czmedicinafuncional.com\/index.php\/wp-json\/wp\/v2\/pages\/685\/revisions\/712"}],"wp:attachment":[{"href":"https:\/\/czmedicinafuncional.com\/index.php\/wp-json\/wp\/v2\/media?parent=685"}],"curies":[{"name":"wp","href":"https:\/\/api.w.org\/{rel}","templated":true}]}}