{"id":651,"date":"2024-12-20T01:07:42","date_gmt":"2024-12-20T04:07:42","guid":{"rendered":"https:\/\/czmedicinafuncional.com\/?page_id=651"},"modified":"2025-01-04T12:02:27","modified_gmt":"2025-01-04T15:02:27","slug":"suerosterapeuticos","status":"publish","type":"page","link":"https:\/\/czmedicinafuncional.com\/index.php\/suerosterapeuticos\/","title":{"rendered":"Sueros Terap\u00e9uticos"},"content":{"rendered":"<p>[et_pb_section fb_built=&#8221;1&#8243; _builder_version=&#8221;4.18.0&#8243; _module_preset=&#8221;default&#8221; background_color=&#8221;#f4ede9&#8243; custom_padding=&#8221;||171px||false|false&#8221; global_colors_info=&#8221;{}&#8221;][et_pb_row column_structure=&#8221;1_2,1_2&#8243; _builder_version=&#8221;4.18.0&#8243; _module_preset=&#8221;default&#8221; global_colors_info=&#8221;{}&#8221;][et_pb_column type=&#8221;1_2&#8243; _builder_version=&#8221;4.18.0&#8243; _module_preset=&#8221;default&#8221; global_colors_info=&#8221;{}&#8221;][et_pb_image src=&#8221;http:\/\/czmedicinafuncional.com\/wp-content\/uploads\/2024\/12\/3.png&#8221; title_text=&#8221;3&#8243; _builder_version=&#8221;4.18.0&#8243; _module_preset=&#8221;default&#8221; global_colors_info=&#8221;{}&#8221;][\/et_pb_image][\/et_pb_column][et_pb_column type=&#8221;1_2&#8243; _builder_version=&#8221;4.18.0&#8243; _module_preset=&#8221;default&#8221; global_colors_info=&#8221;{}&#8221;][et_pb_text _builder_version=&#8221;4.18.0&#8243; _module_preset=&#8221;default&#8221; custom_margin=&#8221;127px||||false|false&#8221; custom_margin_tablet=&#8221;127px||||false|false&#8221; custom_margin_phone=&#8221;15px||||false|false&#8221; custom_margin_last_edited=&#8221;on|phone&#8221; global_colors_info=&#8221;{}&#8221;]<\/p>\n<h1 style=\"font-size: 35px; color: #a6a07a;\">Sueros Terap\u00e9uticos<\/h1>\n<p><span style=\"font-weight: 400;\">Recibe un impulso inmediato de bienestar y nutrientes esenciales.\u00a0<\/span><\/p>\n<p><span style=\"font-weight: 400;\">Los sueros terap\u00e9uticos son una opci\u00f3n efectiva para nutrir tu organismo con vitaminas, minerales y antioxidantes de manera r\u00e1pida y directa.\u00a0<\/span><\/p>\n<p><span style=\"font-weight: 400;\">Cada suero es formulado a medida para ayudarte a alcanzar tus objetivos de salud: aumentar la energ\u00eda, fortalecer el sistema inmune, mejorar la salud de la piel y combatir el estr\u00e9s oxidativo, entre otros beneficios.\u00a0<\/span><\/p>\n<p><span style=\"font-weight: 400;\">Una terapia poderosa para revitalizar el cuerpo y alcanzar un bienestar \u00f3ptimo.<\/span><\/p>\n<p>[\/et_pb_text][et_pb_button button_text=&#8221;Quiero un Turno!&#8221; _builder_version=&#8221;4.18.0&#8243; _module_preset=&#8221;default&#8221; custom_button=&#8221;on&#8221; button_bg_color=&#8221;#FFFFFF&#8221; hover_enabled=&#8221;0&#8243; global_colors_info=&#8221;{}&#8221; sticky_enabled=&#8221;0&#8243; button_url=&#8221;https:\/\/wa.me\/541124672344&#8243;][\/et_pb_button][\/et_pb_column][\/et_pb_row][\/et_pb_section]<\/p>\n","protected":false},"excerpt":{"rendered":"<p>Sueros Terap\u00e9uticos Recibe un impulso inmediato de bienestar y nutrientes esenciales.\u00a0 Los sueros terap\u00e9uticos son una opci\u00f3n efectiva para nutrir tu organismo con vitaminas, minerales y antioxidantes de manera r\u00e1pida y directa.\u00a0 Cada suero es formulado a medida para ayudarte a alcanzar tus objetivos de salud: aumentar la energ\u00eda, fortalecer el sistema inmune, mejorar la [&hellip;]<\/p>\n","protected":false},"author":1,"featured_media":0,"parent":0,"menu_order":0,"comment_status":"closed","ping_status":"closed","template":"","meta":{"_et_pb_use_builder":"on","_et_pb_old_content":"<p>[et_pb_section fb_built=\"1\" _builder_version=\"4.18.0\" _module_preset=\"default\" background_color=\"#f4ede9\" custom_padding=\"||171px||false|false\" global_colors_info=\"{}\"][et_pb_row column_structure=\"1_2,1_2\" _builder_version=\"4.18.0\" _module_preset=\"default\" global_colors_info=\"{}\"][et_pb_column type=\"1_2\" _builder_version=\"4.18.0\" _module_preset=\"default\" global_colors_info=\"{}\"][et_pb_image src=\"http:\/\/czmedicinafuncional.com\/wp-content\/uploads\/2024\/12\/2.png\" title_text=\"2\" _builder_version=\"4.18.0\" _module_preset=\"default\" global_colors_info=\"{}\"][\/et_pb_image][\/et_pb_column][et_pb_column type=\"1_2\" _builder_version=\"4.18.0\" _module_preset=\"default\" global_colors_info=\"{}\"][et_pb_text _builder_version=\"4.18.0\" _module_preset=\"default\" custom_margin=\"127px||||false|false\" custom_margin_tablet=\"127px||||false|false\" custom_margin_phone=\"15px||||false|false\" custom_margin_last_edited=\"on|phone\" global_colors_info=\"{}\"]<\/p><h1 style=\"font-size: 35px; color: #a6a07a;\">Oligocheck<\/h1><p><span style=\"font-weight: 400;\">Conoce el estado interno de tu cuerpo de manera precisa y r\u00e1pida. Oligocheck es una herramienta avanzada que mide los niveles de minerales, oligoelementos y metales pesados en tu organismo en solo minutos y de manera no invasiva.<\/span><\/p><p><span style=\"font-weight: 400;\">\u00a0Con esta informaci\u00f3n, podemos dise\u00f1ar un plan personalizado que corrija desequilibrios y deficiencias espec\u00edficas, apoyando tu salud desde adentro hacia afuera.\u00a0<\/span><\/p><p><span style=\"font-weight: 400;\">Ideal para quienes buscan un an\u00e1lisis profundo y preciso de su estado nutricional y mineral.<\/span><\/p><p>[\/et_pb_text][et_pb_button button_text=\"Quiero un Turno!\" _builder_version=\"4.18.0\" _module_preset=\"default\" custom_button=\"on\" button_bg_color=\"#FFFFFF\" hover_enabled=\"0\" global_colors_info=\"{}\" sticky_enabled=\"0\"][\/et_pb_button][\/et_pb_column][\/et_pb_row][\/et_pb_section]<\/p>","_et_gb_content_width":"","om_disable_all_campaigns":false,"_monsterinsights_skip_tracking":false,"_monsterinsights_sitenote_active":false,"_monsterinsights_sitenote_note":"","_monsterinsights_sitenote_category":0,"_uf_show_specific_survey":0,"_uf_disable_surveys":false,"footnotes":""},"class_list":["post-651","page","type-page","status-publish","hentry"],"aioseo_notices":[],"_links":{"self":[{"href":"https:\/\/czmedicinafuncional.com\/index.php\/wp-json\/wp\/v2\/pages\/651","targetHints":{"allow":["GET"]}}],"collection":[{"href":"https:\/\/czmedicinafuncional.com\/index.php\/wp-json\/wp\/v2\/pages"}],"about":[{"href":"https:\/\/czmedicinafuncional.com\/index.php\/wp-json\/wp\/v2\/types\/page"}],"author":[{"embeddable":true,"href":"https:\/\/czmedicinafuncional.com\/index.php\/wp-json\/wp\/v2\/users\/1"}],"replies":[{"embeddable":true,"href":"https:\/\/czmedicinafuncional.com\/index.php\/wp-json\/wp\/v2\/comments?post=651"}],"version-history":[{"count":6,"href":"https:\/\/czmedicinafuncional.com\/index.php\/wp-json\/wp\/v2\/pages\/651\/revisions"}],"predecessor-version":[{"id":738,"href":"https:\/\/czmedicinafuncional.com\/index.php\/wp-json\/wp\/v2\/pages\/651\/revisions\/738"}],"wp:attachment":[{"href":"https:\/\/czmedicinafuncional.com\/index.php\/wp-json\/wp\/v2\/media?parent=651"}],"curies":[{"name":"wp","href":"https:\/\/api.w.org\/{rel}","templated":true}]}}