{"id":630,"date":"2024-12-20T00:22:34","date_gmt":"2024-12-20T03:22:34","guid":{"rendered":"https:\/\/czmedicinafuncional.com\/?page_id=630"},"modified":"2025-01-04T11:57:24","modified_gmt":"2025-01-04T14:57:24","slug":"consultamedica","status":"publish","type":"page","link":"https:\/\/czmedicinafuncional.com\/index.php\/consultamedica\/","title":{"rendered":"Consulta M\u00e9dica Online y Presencial"},"content":{"rendered":"<p>[et_pb_section fb_built=&#8221;1&#8243; _builder_version=&#8221;4.18.0&#8243; _module_preset=&#8221;default&#8221; background_color=&#8221;#f4ede9&#8243; custom_padding=&#8221;||171px||false|false&#8221; global_colors_info=&#8221;{}&#8221;][et_pb_row column_structure=&#8221;1_2,1_2&#8243; _builder_version=&#8221;4.18.0&#8243; _module_preset=&#8221;default&#8221; global_colors_info=&#8221;{}&#8221;][et_pb_column type=&#8221;1_2&#8243; _builder_version=&#8221;4.18.0&#8243; _module_preset=&#8221;default&#8221; global_colors_info=&#8221;{}&#8221;][et_pb_image src=&#8221;http:\/\/czmedicinafuncional.com\/wp-content\/uploads\/2024\/12\/1.png&#8221; title_text=&#8221;1&#8243; _builder_version=&#8221;4.18.0&#8243; _module_preset=&#8221;default&#8221; global_colors_info=&#8221;{}&#8221;][\/et_pb_image][\/et_pb_column][et_pb_column type=&#8221;1_2&#8243; _builder_version=&#8221;4.18.0&#8243; _module_preset=&#8221;default&#8221; global_colors_info=&#8221;{}&#8221;][et_pb_text _builder_version=&#8221;4.18.0&#8243; _module_preset=&#8221;default&#8221; custom_margin=&#8221;127px||||false|false&#8221; custom_margin_tablet=&#8221;127px||||false|false&#8221; custom_margin_phone=&#8221;15px||||false|false&#8221; custom_margin_last_edited=&#8221;on|phone&#8221; global_colors_info=&#8221;{}&#8221;]<\/p>\n<h1 style=\"font-size: 35px; color: #a6a07a;\">Consulta M\u00e9dica Online y Presencial\u00a0<\/h1>\n<p><span style=\"font-weight: 400;\">Descubre un enfoque personalizado y hol\u00edstico para tu salud. En nuestras consultas, tanto online como presenciales, abordamos no solo los s\u00edntomas, sino las causas profundas de tus problemas de salud. Mediante la medicina orthomolecular y funcional, revisamos tu estilo de vida, alimentaci\u00f3n, niveles de estr\u00e9s y bienestar emocional para dise\u00f1ar un plan de tratamiento a tu medida.<\/span><\/p>\n<p><span style=\"font-weight: 400;\">Ya sea en la comodidad de tu hogar o en el consultorio, recibir\u00e1s una atenci\u00f3n integral que te ayudar\u00e1 a optimizar tu salud y alcanzar tus objetivos de bienestar.<\/span><\/p>\n<p>[\/et_pb_text][et_pb_button button_text=&#8221;Quiero un Turno!&#8221; _builder_version=&#8221;4.18.0&#8243; _module_preset=&#8221;default&#8221; custom_button=&#8221;on&#8221; button_bg_color=&#8221;#FFFFFF&#8221; hover_enabled=&#8221;0&#8243; global_colors_info=&#8221;{}&#8221; sticky_enabled=&#8221;0&#8243; button_url=&#8221;https:\/\/wa.me\/541124672344&#8243;][\/et_pb_button][\/et_pb_column][\/et_pb_row][\/et_pb_section]<\/p>\n","protected":false},"excerpt":{"rendered":"<p>Consulta M\u00e9dica Online y Presencial\u00a0 Descubre un enfoque personalizado y hol\u00edstico para tu salud. En nuestras consultas, tanto online como presenciales, abordamos no solo los s\u00edntomas, sino las causas profundas de tus problemas de salud. Mediante la medicina orthomolecular y funcional, revisamos tu estilo de vida, alimentaci\u00f3n, niveles de estr\u00e9s y bienestar emocional para dise\u00f1ar [&hellip;]<\/p>\n","protected":false},"author":1,"featured_media":0,"parent":0,"menu_order":0,"comment_status":"closed","ping_status":"closed","template":"","meta":{"_et_pb_use_builder":"on","_et_pb_old_content":"<p>[et_pb_section fb_built=\"1\" _builder_version=\"4.18.0\" _module_preset=\"default\" background_color=\"#f4ede9\" custom_padding=\"||171px||false|false\" global_colors_info=\"{}\"][et_pb_row column_structure=\"1_2,1_2\" _builder_version=\"4.18.0\" _module_preset=\"default\" global_colors_info=\"{}\"][et_pb_column type=\"1_2\" _builder_version=\"4.18.0\" _module_preset=\"default\" global_colors_info=\"{}\"][et_pb_image src=\"http:\/\/czmedicinafuncional.com\/wp-content\/uploads\/2024\/01\/foto-molecular-1.png\" title_text=\"foto-molecular-1\" _builder_version=\"4.18.0\" _module_preset=\"default\" hover_enabled=\"0\" global_colors_info=\"{}\" sticky_enabled=\"0\"][\/et_pb_image][\/et_pb_column][et_pb_column type=\"1_2\" _builder_version=\"4.18.0\" _module_preset=\"default\" global_colors_info=\"{}\"][et_pb_text _builder_version=\"4.18.0\" _module_preset=\"default\" custom_margin=\"127px||||false|false\" custom_margin_tablet=\"127px||||false|false\" custom_margin_phone=\"15px||||false|false\" custom_margin_last_edited=\"on|phone\" global_colors_info=\"{}\"]<\/p><h1 style=\"font-size: 35px; color: #a6a07a;\">Medicina Orthomolecular<\/h1><p><span style=\"font-weight: 400;\">La medicina orthomolecular tiene un enfoque integrativo, cuya base es la bioindividualizacion, entendiendo que somos seres holisticos diferentes, esto significa que un tratamiento no aplica para todo el mundo y estas diferencias estan dadas por variables que deben ser tenidas en cuenta para un abordaje correcto.<\/span><\/p><p><span style=\"font-weight: 400;\">Conocer cada variable, requiere conocer el medio interno y los habitos de cada paciente. Es por ello que esta consulta es un poco mas larga de lo habitual. Puede ser online o presencial.<\/span><\/p><p><span style=\"font-weight: 400;\">Las opciones de sueros o programa de rejuvenecimiento orthomolecular se ver\u00e1 en consulta seg\u00fan las necesidades de cada paciente.<\/span><\/p><p>[\/et_pb_text][et_pb_button button_url=\"@ET-DC@eyJkeW5hbWljIjp0cnVlLCJjb250ZW50IjoicG9zdF9saW5rX3VybF9wcm9kdWN0Iiwic2V0dGluZ3MiOnsicG9zdF9pZCI6IjU1MCJ9fQ==@\" button_text=\"Quiero un Turno!\" _builder_version=\"4.18.0\" _module_preset=\"default\" custom_button=\"on\" button_bg_color=\"#FFFFFF\" hover_enabled=\"0\" global_colors_info=\"{}\" sticky_enabled=\"0\" _dynamic_attributes=\"button_url\"][\/et_pb_button][\/et_pb_column][\/et_pb_row][\/et_pb_section]<\/p>","_et_gb_content_width":"","om_disable_all_campaigns":false,"_monsterinsights_skip_tracking":false,"_monsterinsights_sitenote_active":false,"_monsterinsights_sitenote_note":"","_monsterinsights_sitenote_category":0,"_uf_show_specific_survey":0,"_uf_disable_surveys":false,"footnotes":""},"class_list":["post-630","page","type-page","status-publish","hentry"],"aioseo_notices":[],"_links":{"self":[{"href":"https:\/\/czmedicinafuncional.com\/index.php\/wp-json\/wp\/v2\/pages\/630","targetHints":{"allow":["GET"]}}],"collection":[{"href":"https:\/\/czmedicinafuncional.com\/index.php\/wp-json\/wp\/v2\/pages"}],"about":[{"href":"https:\/\/czmedicinafuncional.com\/index.php\/wp-json\/wp\/v2\/types\/page"}],"author":[{"embeddable":true,"href":"https:\/\/czmedicinafuncional.com\/index.php\/wp-json\/wp\/v2\/users\/1"}],"replies":[{"embeddable":true,"href":"https:\/\/czmedicinafuncional.com\/index.php\/wp-json\/wp\/v2\/comments?post=630"}],"version-history":[{"count":8,"href":"https:\/\/czmedicinafuncional.com\/index.php\/wp-json\/wp\/v2\/pages\/630\/revisions"}],"predecessor-version":[{"id":730,"href":"https:\/\/czmedicinafuncional.com\/index.php\/wp-json\/wp\/v2\/pages\/630\/revisions\/730"}],"wp:attachment":[{"href":"https:\/\/czmedicinafuncional.com\/index.php\/wp-json\/wp\/v2\/media?parent=630"}],"curies":[{"name":"wp","href":"https:\/\/api.w.org\/{rel}","templated":true}]}}