{"id":210,"date":"2023-04-25T22:47:58","date_gmt":"2023-04-26T01:47:58","guid":{"rendered":"https:\/\/czmedicinafuncional.com\/?page_id=210"},"modified":"2023-10-17T13:32:41","modified_gmt":"2023-10-17T16:32:41","slug":"programa-bienestar","status":"publish","type":"page","link":"https:\/\/czmedicinafuncional.com\/index.php\/programa-bienestar\/","title":{"rendered":"Programa BIENESTAR"},"content":{"rendered":"<p>[et_pb_section fb_built=&#8221;1&#8243; _builder_version=&#8221;4.18.0&#8243; _module_preset=&#8221;default&#8221; background_image=&#8221;http:\/\/czmedicinafuncional.com\/wp-content\/uploads\/2023\/04\/bg-servicios-1.jpg&#8221; custom_padding=&#8221;210px||||false|false&#8221; global_colors_info=&#8221;{}&#8221;][\/et_pb_section][et_pb_section fb_built=&#8221;1&#8243; _builder_version=&#8221;4.18.0&#8243; _module_preset=&#8221;default&#8221; global_colors_info=&#8221;{}&#8221;][et_pb_row custom_padding_last_edited=&#8221;on|phone&#8221; _builder_version=&#8221;4.18.0&#8243; _module_preset=&#8221;default&#8221; background_color=&#8221;#f4ede9&#8243; width=&#8221;52%&#8221; width_tablet=&#8221;52%&#8221; width_phone=&#8221;77%&#8221; width_last_edited=&#8221;on|phone&#8221; custom_margin=&#8221;-183px||||false|false&#8221; custom_padding=&#8221;50px|94px|50px|94px|true|true&#8221; custom_padding_tablet=&#8221;50px|94px|50px|94px|true|true&#8221; custom_padding_phone=&#8221;|20px||20px|true|true&#8221; global_colors_info=&#8221;{}&#8221;][et_pb_column type=&#8221;4_4&#8243; _builder_version=&#8221;4.18.0&#8243; _module_preset=&#8221;default&#8221; global_colors_info=&#8221;{}&#8221;][et_pb_text _builder_version=&#8221;4.18.0&#8243; _module_preset=&#8221;default&#8221; global_colors_info=&#8221;{}&#8221;]<\/p>\n<h1 style=\"text-align: center; color: #a6a07a; font-size: 45px;\">Programa BIENESTAR<\/h1>\n<h2 style=\"text-align: center; font-size: 30px;\">\u00bfQu\u00e9 es el programa BIENESTAR?<\/h2>\n<h5 style=\"text-align: center; font-size: 20px; line-height: 26px;\"><i><\/i><\/h5>\n<h5 style=\"text-align: center; font-size: 20px; line-height: 26px;\"><i><\/i><\/h5>\n<h5 style=\"text-align: center; font-size: 20px; line-height: 26px;\"><i><\/i><\/h5>\n<h5 style=\"text-align: center; font-size: 20px; line-height: 26px;\"><i>El <b>Programa Bienestar<\/b> es mi programa estrella.<\/i><\/h5>\n<h5 style=\"text-align: center; font-size: 20px; line-height: 26px;\">Te acompa\u00f1o 24\/7 para que trabajemos en tu <b>inconsciente<\/b>; nos enfocaremos en tus <b>creencias limitantes<\/b> (pensamientos impuestos que te condicionan), que son las que realmente te impiden llegar al bienestar deseado.<\/h5>\n<h5 style=\"text-align: center; font-size: 20px; line-height: 26px;\">Tambi\u00e9n podemos <b>biodescodificar tus emociones y tus enfermedades<\/b>, para encontrar a qu\u00e9 respuesta adaptativa corresponden y poder alcanzar as\u00ed un mayor entendimiento de tu inconsciente.<\/h5>\n<h5 style=\"text-align: center; font-size: 20px; line-height: 26px;\">Es importante que antes de alcanzar tus objetivos, puedas entenderte, conociendo tus patrones, h\u00e1bitos. De esta forma, no solo podr\u00e1s conseguir lo que quieres, sino que tambi\u00e9n lo podr\u00e1s mantener en el tiempo.<\/h5>\n<p>[\/et_pb_text][et_pb_text _builder_version=&#8221;4.18.0&#8243; _module_preset=&#8221;default&#8221; global_colors_info=&#8221;{}&#8221;]<\/p>\n<h2 style=\"text-align: center; font-size: 30px;\">\u00bfQuieres mejorar tu vida?<\/h2>\n<p>[\/et_pb_text][et_pb_button button_url=&#8221;https:\/\/calendly.com\/ceciliazgajnar\/30min&#8221; button_text=&#8221;\u00a1Ap\u00fantate ahora!&#8221; button_alignment=&#8221;center&#8221; _builder_version=&#8221;4.18.0&#8243; _module_preset=&#8221;default&#8221; custom_button=&#8221;on&#8221; button_bg_color=&#8221;#FFFFFF&#8221; global_colors_info=&#8221;{}&#8221;][\/et_pb_button][\/et_pb_column][\/et_pb_row][\/et_pb_section][et_pb_section fb_built=&#8221;1&#8243; _builder_version=&#8221;4.18.0&#8243; _module_preset=&#8221;default&#8221; background_color=&#8221;#cbb39e&#8221; custom_padding=&#8221;||105px||false|false&#8221; global_colors_info=&#8221;{}&#8221;][et_pb_row column_structure=&#8221;2_3,1_3&#8243; _builder_version=&#8221;4.18.0&#8243; _module_preset=&#8221;default&#8221; global_colors_info=&#8221;{}&#8221;][et_pb_column type=&#8221;2_3&#8243; _builder_version=&#8221;4.18.0&#8243; _module_preset=&#8221;default&#8221; global_colors_info=&#8221;{}&#8221;][et_pb_text _builder_version=&#8221;4.18.0&#8243; _module_preset=&#8221;default&#8221; global_colors_info=&#8221;{}&#8221;]<img decoding=\"async\" src=\"http:\/\/czmedicinafuncional.com\/wp-content\/uploads\/2023\/04\/logo-secc1.png\" width=\"122\" height=\"120\" alt=\"\" class=\"wp-image-42 alignnone size-full\" \/><\/p>\n<h1 style=\"color: #ffffff; font-size: 35px;\"><\/h1>\n<h1 style=\"color: #ffffff; font-size: 35px;\"><\/h1>\n<h1 style=\"color: #ffffff; font-size: 35px;\">\u00bfC\u00f3mo funciona el Programa <strong>BIENESTAR<\/strong>?<\/h1>\n<h4 style=\"font-size: 20px; line-height: 30px; color: #ffffff;\">En el Programa Bienestar obtendr\u00e1s sesiones individuales conmigo de 45 minutos, adem\u00e1s tendr\u00e1s libros, audios, meditaciones y ejercicios; acompa\u00f1amiento 24 hs los 7 d\u00edas de la semana a trav\u00e9s de chat y lo m\u00e1s importante, la <b>medici\u00f3n de resultados<\/b>, para que vos mismo\/a puedas ir viendo los objetivos cumplidos.<\/h4>\n<h4 style=\"font-size: 20px; line-height: 30px; color: #ffffff;\">Si sos de Argentina, y quer\u00e9s llegar a dar un paso m\u00e1s a ese bienestar, podemos enfocarnos en la salud de tus c\u00e9lulas. Aqu\u00ed es donde empieza todo, y a trav\u00e9s de la medicina orthomolecular podemos mejorarlas, para as\u00ed tener m\u00e1s fuerza, m\u00e1s energ\u00eda para todos los cambios que queres realizar.<\/h4>\n<h4 style=\"font-size: 20px; line-height: 30px; color: #ffffff;\">Si te interesa este programa o quer\u00e9s saber m\u00e1s, <a title=\"Calendly: Reserva una cita\" style=\"font-weight: bold; text-decoration: underline;\" href=\"https:\/\/calendly.com\/ceciliazgajnar\/30min\" target=\"_new\" rel=\"noopener\">reserva una cita<\/a> en mi calendario para conocernos y quitarte todas tus dudas.<\/h4>\n<p>[\/et_pb_text][et_pb_button button_url=&#8221;https:\/\/calendly.com\/ceciliazgajnar\/30min&#8221; button_text=&#8221;Quiero formar parte del programa&#8221; _builder_version=&#8221;4.18.0&#8243; _module_preset=&#8221;default&#8221; custom_button=&#8221;on&#8221; button_text_color=&#8221;#cbb39e&#8221; button_bg_color=&#8221;#ffffff&#8221; hover_enabled=&#8221;0&#8243; global_colors_info=&#8221;{}&#8221; sticky_enabled=&#8221;0&#8243;][\/et_pb_button][\/et_pb_column][et_pb_column type=&#8221;1_3&#8243; _builder_version=&#8221;4.18.0&#8243; _module_preset=&#8221;default&#8221; transform_translate_linked=&#8221;off&#8221; custom_padding=&#8221;|||0px|false|false&#8221; global_colors_info=&#8221;{}&#8221;][et_pb_image src=&#8221;http:\/\/czmedicinafuncional.com\/wp-content\/uploads\/2023\/04\/foto-3.png&#8221; title_text=&#8221;foto-3&#8243; _builder_version=&#8221;4.18.0&#8243; _module_preset=&#8221;default&#8221; transform_scale=&#8221;134%|134%&#8221; transform_scale_tablet=&#8221;134%|134%&#8221; transform_scale_phone=&#8221;100%|100%&#8221; transform_scale_last_edited=&#8221;on|phone&#8221; transform_translate=&#8221;87px|71px&#8221; transform_translate_tablet=&#8221;87px|71px&#8221; transform_translate_phone=&#8221;0px|0px&#8221; transform_translate_last_edited=&#8221;on|phone&#8221; transform_translate_linked_phone=&#8221;off&#8221; transform_rotate_tablet=&#8221;&#8221; transform_rotate_phone=&#8221;&#8221; transform_rotate_last_edited=&#8221;on|phone&#8221; transform_skew_tablet=&#8221;&#8221; transform_skew_phone=&#8221;&#8221; transform_skew_last_edited=&#8221;on|phone&#8221; transform_origin_tablet=&#8221;&#8221; transform_origin_phone=&#8221;&#8221; transform_origin_last_edited=&#8221;on|phone&#8221; transform_styles_last_edited=&#8221;on|phone&#8221; custom_margin_tablet=&#8221;&#8221; custom_margin_phone=&#8221;26px||||false|false&#8221; custom_margin_last_edited=&#8221;on|phone&#8221; transform_styles_tablet=&#8221;&#8221; transform_styles_phone=&#8221;&#8221; global_colors_info=&#8221;{}&#8221;][\/et_pb_image][\/et_pb_column][\/et_pb_row][\/et_pb_section][et_pb_section fb_built=&#8221;1&#8243; disabled_on=&#8221;on|on|on&#8221; _builder_version=&#8221;4.18.0&#8243; _module_preset=&#8221;default&#8221; disabled=&#8221;on&#8221; global_colors_info=&#8221;{}&#8221;][et_pb_row _builder_version=&#8221;4.18.0&#8243; _module_preset=&#8221;default&#8221; background_color=&#8221;#f4ede9&#8243; width=&#8221;52%&#8221; custom_margin=&#8221;-183px||||false|false&#8221; custom_padding=&#8221;50px|94px|50px|94px|true|true&#8221; global_colors_info=&#8221;{}&#8221;][et_pb_column type=&#8221;4_4&#8243; _builder_version=&#8221;4.18.0&#8243; _module_preset=&#8221;default&#8221; global_colors_info=&#8221;{}&#8221;][et_pb_text _builder_version=&#8221;4.18.0&#8243; _module_preset=&#8221;default&#8221; global_colors_info=&#8221;{}&#8221;]<\/p>\n<h1 style=\"text-align: center; color: #a6a07a; font-size: 45px;\"><img decoding=\"async\" src=\"http:\/\/czmedicinafuncional.com\/wp-content\/uploads\/2023\/04\/icon_7.png\" width=\"97\" height=\"97\" alt=\"\" class=\"wp-image-96 alignnone size-full\" \/><\/h1>\n<h1 style=\"text-align: center; color: #a6a07a; font-size: 45px;\">Agenda \u201dMi Bienestar\u201d<\/h1>\n<h2 style=\"text-align: center; font-size: 30px;\">En esta agenda digital en formato A4, encontrar\u00e1s:<\/h2>\n<p>[\/et_pb_text][et_pb_text _builder_version=&#8221;4.18.0&#8243; _module_preset=&#8221;default&#8221; global_colors_info=&#8221;{}&#8221;]<\/p>\n<h5 style=\"font-size: 20px; line-height: 26px; text-align: left;\">Ejercicio &#8220;<strong>Term\u00f3metro de tu Vida<\/strong>&#8220;, para saber d\u00f3nde est\u00e1s situado actualmente en cada una de los aspectos de tu vida.<\/h5>\n<h5 style=\"font-size: 20px; line-height: 26px; text-align: left;\">Gu\u00eda de <b>H\u00e1bitos Diarios<\/b> para lograr tu BIENESTAR.<\/h5>\n<h5 style=\"font-size: 20px; line-height: 26px; text-align: left;\">Ejercicio para intervenir en tu <b>estado de \u00e1nimo<\/b>.<\/h5>\n<h5 style=\"font-size: 20px; line-height: 26px; text-align: left;\"><b>Registro de pensamientos<\/b>.<\/h5>\n<h5 style=\"font-size: 20px; line-height: 26px; text-align: left;\">Ejercicio &#8220;<strong>Ejercicio de creencias, que te ayudar\u00e1 a <b>reprogramar las creencias limitantes.<\/b><\/h5>\n<h5 style=\"font-size: 20px; line-height: 26px; text-align: left;\">Tracker para la <b>medici\u00f3n de objetivos<\/b>.<br \/>\n<\/h5>\n<h5 style=\"font-size: 20px; line-height: 26px; text-align: left;\">Mi <b>rutina personal de meditaci\u00f3n<\/b>.<\/h5>\n<p>[\/et_pb_text][et_pb_button button_url=&#8221;#&#8221; button_text=&#8221;\u00a1La quiero!&#8221; button_alignment=&#8221;center&#8221; _builder_version=&#8221;4.18.0&#8243; _module_preset=&#8221;default&#8221; custom_button=&#8221;on&#8221; button_bg_color=&#8221;#FFFFFF&#8221; hover_enabled=&#8221;0&#8243; global_colors_info=&#8221;{}&#8221; sticky_enabled=&#8221;0&#8243;][\/et_pb_button][\/et_pb_column][\/et_pb_row][\/et_pb_section]<\/p>\n","protected":false},"excerpt":{"rendered":"<p>Programa BIENESTAR \u00bfQu\u00e9 es el programa BIENESTAR? El Programa Bienestar es mi programa estrella. Te acompa\u00f1o 24\/7 para que trabajemos en tu inconsciente; nos enfocaremos en tus creencias limitantes (pensamientos impuestos que te condicionan), que son las que realmente te impiden llegar al bienestar deseado. Tambi\u00e9n podemos biodescodificar tus emociones y tus enfermedades, para encontrar [&hellip;]<\/p>\n","protected":false},"author":1,"featured_media":0,"parent":0,"menu_order":0,"comment_status":"closed","ping_status":"closed","template":"","meta":{"_et_pb_use_builder":"on","_et_pb_old_content":"","_et_gb_content_width":"","om_disable_all_campaigns":false,"_monsterinsights_skip_tracking":false,"_monsterinsights_sitenote_active":false,"_monsterinsights_sitenote_note":"","_monsterinsights_sitenote_category":0,"_uf_show_specific_survey":0,"_uf_disable_surveys":false,"footnotes":""},"class_list":["post-210","page","type-page","status-publish","hentry"],"aioseo_notices":[],"_links":{"self":[{"href":"https:\/\/czmedicinafuncional.com\/index.php\/wp-json\/wp\/v2\/pages\/210","targetHints":{"allow":["GET"]}}],"collection":[{"href":"https:\/\/czmedicinafuncional.com\/index.php\/wp-json\/wp\/v2\/pages"}],"about":[{"href":"https:\/\/czmedicinafuncional.com\/index.php\/wp-json\/wp\/v2\/types\/page"}],"author":[{"embeddable":true,"href":"https:\/\/czmedicinafuncional.com\/index.php\/wp-json\/wp\/v2\/users\/1"}],"replies":[{"embeddable":true,"href":"https:\/\/czmedicinafuncional.com\/index.php\/wp-json\/wp\/v2\/comments?post=210"}],"version-history":[{"count":9,"href":"https:\/\/czmedicinafuncional.com\/index.php\/wp-json\/wp\/v2\/pages\/210\/revisions"}],"predecessor-version":[{"id":460,"href":"https:\/\/czmedicinafuncional.com\/index.php\/wp-json\/wp\/v2\/pages\/210\/revisions\/460"}],"wp:attachment":[{"href":"https:\/\/czmedicinafuncional.com\/index.php\/wp-json\/wp\/v2\/media?parent=210"}],"curies":[{"name":"wp","href":"https:\/\/api.w.org\/{rel}","templated":true}]}}